{"id":130,"date":"2024-01-12T09:35:06","date_gmt":"2024-01-12T08:35:06","guid":{"rendered":"https:\/\/www.ajir.cat\/?page_id=130"},"modified":"2024-05-16T10:44:26","modified_gmt":"2024-05-16T08:44:26","slug":"servicios","status":"publish","type":"page","link":"https:\/\/www.ajir.cat\/ca\/servicios\/","title":{"rendered":"Serveis"},"content":{"rendered":"<section class=\"bde-section-130-100 bde-section\">\n  \n\t\n\n\n\n<div class=\"section-container\"><h1 class=\"bde-heading-130-101 bde-heading\">\nServeis\n<\/h1><\/div>\n<\/section><section class=\"bde-section-130-102 bde-section\">\n  \n\t\n\n\n\n<div class=\"section-container\"><div class=\"bde-div-130-105 bde-div\">\n  \n\t\n\n\n\n<div class=\"bde-text-130-126 bde-text\">\nTransformamos espacios con instalaciones el\u00e9ctricas, aire acondicionado, pladur, fontaner\u00eda y gas. Expertos en comodidad y eficiencia para tu hogar o negocio.\n<\/div>\n<\/div><div class=\"bde-columns-130-103 bde-columns\"><div class=\"bde-column-130-104 bde-column\">\n  \n\t\n\n\n\n<div class=\"bde-rich-text-130-107 bde-rich-text breakdance-rich-text-styles\">\n<h2>Electricitat<\/h2><p>Ajir\u00a0\u00e9s una empresa tamb\u00e9 especialitzada en instal\u00b7lacions el\u00e8ctriques de tota mena i treballa en tot el territori nacional. Els nostres instal\u00b7ladors estan autoritzats i pertanyen al Gremi d'instal\u00b7ladors el\u00e8ctrics de Barcelona. Actualment disposem de personal en plantilla especialistes en muntatge d'instal\u00b7lacions el\u00e8ctriques que s'ocupen de la instal\u00b7laci\u00f3 de tota mena de cablejat el\u00e8ctric, col\u00b7locaci\u00f3 de punts de llum, col\u00b7locaci\u00f3 d'endolls en parets i s\u00f2ls, instal\u00b7laci\u00f3 de quadres el\u00e8ctrics, etc.. <br \/>Tamb\u00e9 fem propostes d'il\u00b7luminaci\u00f3 segons necessitats de l'espai a intervenir i gustos del client.<\/p>\n<\/div><div class=\"bde-rich-text-130-128 bde-rich-text breakdance-rich-text-styles\">\n<h2>Aire condicionat<\/h2><p>Instal\u00b7lem, fem manteniment i reparem qualsevol tipus d'unitat d'aire condicionat.<\/p>\n<\/div><div class=\"bde-rich-text-130-129 bde-rich-text breakdance-rich-text-styles\">\n<h2>Pintura<\/h2><p>Actualment disposem de pintors professionals en plantilla i oferim serveis de decoraci\u00f3 residencial i comercial d'alta qualitat. Comptem amb gran experi\u00e8ncia en treballs de pintura per a pisos i cases particulars, tant en el seu interior com fa\u00e7anes, comunitats de ve\u00efns, restaurants, hotels, locals comercials, etc.<\/p>\n<\/div><div class=\"bde-rich-text-130-130 bde-rich-text breakdance-rich-text-styles\">\n<h2>Pladur<\/h2><p>Ens encarreguem del muntatge i la instal\u00b7laci\u00f3 de plaques de pladur, per a la construcci\u00f3 de falsos sostres i envans. Aquest material ens proporciona gran flexibilitat i el converteixen en un material perfecte per a parets, sostres, tancaments, armaris o plaques de cocci\u00f3, entre altres. Fem els nostres treballs tant en obra nova com en reformes d'habitatges i locals.<\/p>\n<\/div><div class=\"bde-rich-text-130-131 bde-rich-text breakdance-rich-text-styles\">\n<h2>Llauner<\/h2><p>Realitzem tot tipus de treballs com a instal\u00b7lacions de llauneria i aixeteria, instal\u00b7lacions de canonades, baixants i muntants,\u00a0desembussos de canonades, instal\u00b7laci\u00f3 de canonades de bany i desguassos, reparacions de la llar i manteniment d'edificis.<br \/>Treballem amb les millors marques i materials per a garantir als nostres clients treballs de m\u00e0xima qualitat en els acabats d'obra.<\/p>\n<\/div><div class=\"bde-rich-text-130-132 bde-rich-text breakdance-rich-text-styles\">\n<h2>Gas<\/h2><p>Oferim serveis professionals d'instal\u00b7laci\u00f3 de gas per a tota mena d'immobles. Independentment de si tens un apartament o una casa, el nostre equip treballar\u00e0 incansablement per a assegurar que totes les teves necessitats es compleixin i puguis confiar en el nostre treball en tot el proc\u00e9s de planificaci\u00f3 i instal\u00b7laci\u00f3.<\/p>\n<\/div>\n<\/div><div class=\"bde-column-130-108 bde-column\">\n  \n\t\n\n\n\n<div class=\"bde-image-130-109 bde-image\">\n  \n\n\n\n\n\n<figure class=\"breakdance-image breakdance-image--135\">\n\t<div class=\"breakdance-image-container\">\n\t\t<div class=\"breakdance-image-clip\">\n\t\t\t\n\t\t\t\t\n\t\t\t\t\t      \n  \n  \n  \n  \n      \n      <img decoding=\"async\"\n      class=\"breakdance-image-object\"\n      src=\"https:\/\/www.ajir.cat\/wp-content\/uploads\/2024\/01\/servicios1.jpg.jpg\"\n      width=\"524\"\n      height=\"653\"\n      \n      loading=\"lazy\"\n                                    srcset=\"https:\/\/www.ajir.cat\/wp-content\/uploads\/2024\/01\/servicios1.jpg.jpg 524w, https:\/\/www.ajir.cat\/wp-content\/uploads\/2024\/01\/servicios1.jpg-241x300.jpg 241w\"\n                                                                      >\n  \n\n\t\t\t\t\t\n\t\t\t\t\t\t<\/div>\n\t<\/div>\n\n\t<\/figure>\n\n<\/div><div class=\"bde-image-130-133 bde-image\">\n  \n\n\n\n\n\n<figure class=\"breakdance-image breakdance-image--134\">\n\t<div class=\"breakdance-image-container\">\n\t\t<div class=\"breakdance-image-clip\">\n\t\t\t\n\t\t\t\t\n\t\t\t\t\t      \n  \n  \n  \n  \n      \n      <img decoding=\"async\"\n      class=\"breakdance-image-object\"\n      src=\"https:\/\/www.ajir.cat\/wp-content\/uploads\/2024\/01\/servicios2.jpg.jpg\"\n      width=\"524\"\n      height=\"653\"\n      \n      loading=\"lazy\"\n                                    srcset=\"https:\/\/www.ajir.cat\/wp-content\/uploads\/2024\/01\/servicios2.jpg.jpg 524w, https:\/\/www.ajir.cat\/wp-content\/uploads\/2024\/01\/servicios2.jpg-241x300.jpg 241w\"\n                                                                      >\n  \n\n\t\t\t\t\t\n\t\t\t\t\t\t<\/div>\n\t<\/div>\n\n\t<\/figure>\n\n<\/div>\n<\/div><\/div><\/div>\n<\/section>","protected":false},"excerpt":{"rendered":"<p>Servicios Transformamos espacios con instalaciones el\u00e9ctricas, aire acondicionado, pladur, fontaner\u00eda y gas. Expertos en comodidad y eficiencia para tu hogar o negocio. ElectricidadAjir es una empresa tambi\u00e9n especializada en instalaciones el\u00e9ctricas de todo tipo y trabaja en todo el territorio nacional. Nuestros instaladores est\u00e1n autorizados y pertenecen al Gremio de instaladores el\u00e9ctricos de Barcelona. Actualmente [&hellip;]<\/p>","protected":false},"author":1,"featured_media":0,"parent":0,"menu_order":0,"comment_status":"closed","ping_status":"closed","template":"","meta":{"_acf_changed":false,"_breakdance_hide_in_design_set":false,"_breakdance_tags":"","footnotes":""},"class_list":["post-130","page","type-page","status-publish","hentry"],"acf":[],"_links":{"self":[{"href":"https:\/\/www.ajir.cat\/ca\/wp-json\/wp\/v2\/pages\/130","targetHints":{"allow":["GET"]}}],"collection":[{"href":"https:\/\/www.ajir.cat\/ca\/wp-json\/wp\/v2\/pages"}],"about":[{"href":"https:\/\/www.ajir.cat\/ca\/wp-json\/wp\/v2\/types\/page"}],"author":[{"embeddable":true,"href":"https:\/\/www.ajir.cat\/ca\/wp-json\/wp\/v2\/users\/1"}],"replies":[{"embeddable":true,"href":"https:\/\/www.ajir.cat\/ca\/wp-json\/wp\/v2\/comments?post=130"}],"version-history":[{"count":13,"href":"https:\/\/www.ajir.cat\/ca\/wp-json\/wp\/v2\/pages\/130\/revisions"}],"predecessor-version":[{"id":588,"href":"https:\/\/www.ajir.cat\/ca\/wp-json\/wp\/v2\/pages\/130\/revisions\/588"}],"wp:attachment":[{"href":"https:\/\/www.ajir.cat\/ca\/wp-json\/wp\/v2\/media?parent=130"}],"curies":[{"name":"wp","href":"https:\/\/api.w.org\/{rel}","templated":true}]}}