{"id":139,"date":"2024-01-12T11:28:15","date_gmt":"2024-01-12T10:28:15","guid":{"rendered":"https:\/\/www.ajir.cat\/?page_id=139"},"modified":"2024-05-16T11:13:00","modified_gmt":"2024-05-16T09:13:00","slug":"carpinteria","status":"publish","type":"page","link":"https:\/\/www.ajir.cat\/ca\/carpinteria\/","title":{"rendered":"Fusteria"},"content":{"rendered":"<section class=\"bde-section-139-100 bde-section\">\n  \n\t\n\n\n\n<div class=\"section-container\"><h1 class=\"bde-heading-139-101 bde-heading\">\nFusteria\n<\/h1><\/div>\n<\/section><section class=\"bde-section-139-102 bde-section\">\n  \n\t\n\n\n\n<div class=\"section-container\"><div class=\"bde-div-139-103 bde-div\">\n  \n\t\n\n\n\n<div class=\"bde-text-139-104 bde-text\">\nExperts en fusteria: <br>Fusta i alumini, fusionem qualitat i disseny per crear espais \u00fanics\n<\/div>\n<\/div><div class=\"bde-columns-139-123 bde-columns\"><div class=\"bde-column-139-124 bde-column\">\n  \n\t\n\n\n\n<div class=\"bde-image-139-126 bde-image\">\n  \n\n\n\n\n\n<figure class=\"breakdance-image breakdance-image--145\">\n\t<div class=\"breakdance-image-container\">\n\t\t<div class=\"breakdance-image-clip\">\n\t\t\t\n\t\t\t\t\n\t\t\t\t\t      \n  \n  \n  \n  \n      \n      <img decoding=\"async\"\n      class=\"breakdance-image-object\"\n      src=\"https:\/\/www.ajir.cat\/wp-content\/uploads\/2024\/01\/carpitenria_madera.jpg.jpg\"\n      width=\"642\"\n      height=\"343\"\n      \n      loading=\"lazy\"\n                                    srcset=\"https:\/\/www.ajir.cat\/wp-content\/uploads\/2024\/01\/carpitenria_madera.jpg.jpg 642w, https:\/\/www.ajir.cat\/wp-content\/uploads\/2024\/01\/carpitenria_madera.jpg-300x160.jpg 300w\"\n                                                                      >\n  \n\n\t\t\t\t\t\n\t\t\t\t\t\t<\/div>\n\t<\/div>\n\n\t<\/figure>\n\n<\/div><div class=\"bde-div-139-117 bde-div\">\n  \n\t\n\n\n\n<h2 class=\"bde-heading-139-118 bde-heading\">\nFusteria de fusta\n<\/h2><div class=\"bde-text-139-129 bde-text\">\nOferim mobles a mesura, portes i parquet amb el millor cost i millor adaptaci\u00f3 per a cada espai a intervenir.\n<\/div>\n<\/div>\n<\/div><div class=\"bde-column-139-130 bde-column\">\n  \n\t\n\n\n\n<div class=\"bde-image-139-131 bde-image\">\n  \n\n\n\n\n\n<figure class=\"breakdance-image breakdance-image--144\">\n\t<div class=\"breakdance-image-container\">\n\t\t<div class=\"breakdance-image-clip\">\n\t\t\t\n\t\t\t\t\n\t\t\t\t\t      \n  \n  \n  \n  \n      \n      <img decoding=\"async\"\n      class=\"breakdance-image-object\"\n      src=\"https:\/\/www.ajir.cat\/wp-content\/uploads\/2024\/01\/carpitenria_aluminio.jpg.jpg\"\n      width=\"642\"\n      height=\"343\"\n      \n      loading=\"lazy\"\n                                    srcset=\"https:\/\/www.ajir.cat\/wp-content\/uploads\/2024\/01\/carpitenria_aluminio.jpg.jpg 642w, https:\/\/www.ajir.cat\/wp-content\/uploads\/2024\/01\/carpitenria_aluminio.jpg-300x160.jpg 300w\"\n                                                                      >\n  \n\n\t\t\t\t\t\n\t\t\t\t\t\t<\/div>\n\t<\/div>\n\n\t<\/figure>\n\n<\/div><div class=\"bde-div-139-132 bde-div\">\n  \n\t\n\n\n\n<h2 class=\"bde-heading-139-133 bde-heading\">\nCarpintaria d'alumini\n<\/h2><div class=\"bde-text-139-134 bde-text\">\nRealitzem tot tipus de finestres d'alumini, que les podem dividir segons el tipus de disseny, estructura, tipus de\u00a0perfiler\u00eda\u00a0o obertura.\n<\/div>\n<\/div>\n<\/div><\/div><\/div>\n<\/section>","protected":false},"excerpt":{"rendered":"<p>Carpinter\u00eda Expertos en carpinter\u00eda: Madera y aluminio, fusionamos calidad y dise\u00f1o para crear espacios \u00fanicos Carpinter\u00eda de madera Ofrecemos muebles a medida, puertas y parquet con el mejor coste y mejor adaptaci\u00f3n para cada espacio a intervenir. Carpinter\u00eda de aluminio Realizamos todo tipos de ventanas de aluminio, que las podemos dividir seg\u00fan el tipo de [&hellip;]<\/p>","protected":false},"author":1,"featured_media":0,"parent":0,"menu_order":0,"comment_status":"closed","ping_status":"closed","template":"","meta":{"_acf_changed":false,"_breakdance_hide_in_design_set":false,"_breakdance_tags":"","footnotes":""},"class_list":["post-139","page","type-page","status-publish","hentry"],"acf":[],"_links":{"self":[{"href":"https:\/\/www.ajir.cat\/ca\/wp-json\/wp\/v2\/pages\/139","targetHints":{"allow":["GET"]}}],"collection":[{"href":"https:\/\/www.ajir.cat\/ca\/wp-json\/wp\/v2\/pages"}],"about":[{"href":"https:\/\/www.ajir.cat\/ca\/wp-json\/wp\/v2\/types\/page"}],"author":[{"embeddable":true,"href":"https:\/\/www.ajir.cat\/ca\/wp-json\/wp\/v2\/users\/1"}],"replies":[{"embeddable":true,"href":"https:\/\/www.ajir.cat\/ca\/wp-json\/wp\/v2\/comments?post=139"}],"version-history":[{"count":12,"href":"https:\/\/www.ajir.cat\/ca\/wp-json\/wp\/v2\/pages\/139\/revisions"}],"predecessor-version":[{"id":589,"href":"https:\/\/www.ajir.cat\/ca\/wp-json\/wp\/v2\/pages\/139\/revisions\/589"}],"wp:attachment":[{"href":"https:\/\/www.ajir.cat\/ca\/wp-json\/wp\/v2\/media?parent=139"}],"curies":[{"name":"wp","href":"https:\/\/api.w.org\/{rel}","templated":true}]}}