{"id":156,"date":"2024-01-12T12:32:32","date_gmt":"2024-01-12T11:32:32","guid":{"rendered":"https:\/\/www.ajir.cat\/?page_id=156"},"modified":"2024-05-17T09:23:38","modified_gmt":"2024-05-17T07:23:38","slug":"energia-renovable","status":"publish","type":"page","link":"https:\/\/www.ajir.cat\/ca\/energia-renovable\/","title":{"rendered":"Energia renovable"},"content":{"rendered":"<section class=\"bde-section-156-100 bde-section\">\n  \n\t\n\n\n\n<div class=\"section-container\"><h1 class=\"bde-heading-156-101 bde-heading\">\nEnergia renovable\n<\/h1><\/div>\n<\/section><section class=\"bde-section-156-102 bde-section\">\n  \n\t\n\n\n\n<div class=\"section-container\"><div class=\"bde-div-156-103 bde-div\">\n  \n\t\n\n\n\n<div class=\"bde-rich-text-156-119 bde-rich-text breakdance-rich-text-styles\">\n<p>Energia renovable, transformant el present per a un futur sostenible.<\/p><p><em><strong>Potencia la teva vida amb una elecci\u00f3 verda!<\/strong><\/em><\/p>\n<\/div>\n<\/div><div class=\"bde-columns-156-105 bde-columns\"><div class=\"bde-column-156-106 bde-column\">\n  \n\t\n\n\n\n<div class=\"bde-image-156-107 bde-image\">\n  \n\n\n\n\n\n<figure class=\"breakdance-image breakdance-image--161\">\n\t<div class=\"breakdance-image-container\">\n\t\t<div class=\"breakdance-image-clip\">\n\t\t\t\n\t\t\t\t\n\t\t\t\t\t      \n  \n  \n  \n  \n      \n      <img decoding=\"async\"\n      class=\"breakdance-image-object\"\n      src=\"https:\/\/www.ajir.cat\/wp-content\/uploads\/2024\/01\/biomasa.jpg.jpg\"\n      width=\"422\"\n      height=\"397\"\n      \n      loading=\"lazy\"\n                                    srcset=\"https:\/\/www.ajir.cat\/wp-content\/uploads\/2024\/01\/biomasa.jpg.jpg 422w, https:\/\/www.ajir.cat\/wp-content\/uploads\/2024\/01\/biomasa.jpg-300x282.jpg 300w\"\n                                                                      >\n  \n\n\t\t\t\t\t\n\t\t\t\t\t\t<\/div>\n\t<\/div>\n\n\t<\/figure>\n\n<\/div><div class=\"bde-div-156-108 bde-div\">\n  \n\t\n\n\n\n<h2 class=\"bde-heading-156-109 bde-heading\">\nBiomassa\n<\/h2><div class=\"bde-text-156-110 bde-text\">\nRealitzem la instal\u00b7laci\u00f3 d'energia de biomassa que \u00e9s una energia obtinguda a partir de la combusti\u00f3 de mat\u00e8ria org\u00e0nica, originada pels diferents processos biol\u00f2gics que es donen en el dia a dia.\n<\/div>\n<\/div>\n<\/div><div class=\"bde-column-156-111 bde-column\">\n  \n\t\n\n\n\n<div class=\"bde-image-156-112 bde-image\">\n  \n\n\n\n\n\n<figure class=\"breakdance-image breakdance-image--160\">\n\t<div class=\"breakdance-image-container\">\n\t\t<div class=\"breakdance-image-clip\">\n\t\t\t\n\t\t\t\t\n\t\t\t\t\t      \n  \n  \n  \n  \n      \n      <img decoding=\"async\"\n      class=\"breakdance-image-object\"\n      src=\"https:\/\/www.ajir.cat\/wp-content\/uploads\/2024\/01\/fotovoltaica.jpg.jpg\"\n      width=\"422\"\n      height=\"397\"\n      \n      loading=\"lazy\"\n                                    srcset=\"https:\/\/www.ajir.cat\/wp-content\/uploads\/2024\/01\/fotovoltaica.jpg.jpg 422w, https:\/\/www.ajir.cat\/wp-content\/uploads\/2024\/01\/fotovoltaica.jpg-300x282.jpg 300w\"\n                                                                      >\n  \n\n\t\t\t\t\t\n\t\t\t\t\t\t<\/div>\n\t<\/div>\n\n\t<\/figure>\n\n<\/div><div class=\"bde-div-156-113 bde-div\">\n  \n\t\n\n\n\n<h2 class=\"bde-heading-156-114 bde-heading\">\nFotovoltaica\n<\/h2><div class=\"bde-text-156-115 bde-text\">\nS'obt\u00e9 en convertir la llum solar en electricitat emprant una tecnologia basada en l'efecte fotoel\u00e8ctric.\n<\/div>\n<\/div>\n<\/div><div class=\"bde-column-156-120 bde-column\">\n  \n\t\n\n\n\n<div class=\"bde-image-156-121 bde-image\">\n  \n\n\n\n\n\n<figure class=\"breakdance-image breakdance-image--159\">\n\t<div class=\"breakdance-image-container\">\n\t\t<div class=\"breakdance-image-clip\">\n\t\t\t\n\t\t\t\t\n\t\t\t\t\t      \n  \n  \n  \n  \n      \n      <img decoding=\"async\"\n      class=\"breakdance-image-object\"\n      src=\"https:\/\/www.ajir.cat\/wp-content\/uploads\/2024\/01\/aerotermia.jpg.jpg\"\n      width=\"422\"\n      height=\"397\"\n      \n      loading=\"lazy\"\n                                    srcset=\"https:\/\/www.ajir.cat\/wp-content\/uploads\/2024\/01\/aerotermia.jpg.jpg 422w, https:\/\/www.ajir.cat\/wp-content\/uploads\/2024\/01\/aerotermia.jpg-300x282.jpg 300w\"\n                                                                      >\n  \n\n\t\t\t\t\t\n\t\t\t\t\t\t<\/div>\n\t<\/div>\n\n\t<\/figure>\n\n<\/div><div class=\"bde-div-156-122 bde-div\">\n  \n\t\n\n\n\n<h2 class=\"bde-heading-156-123 bde-heading\">\nAerot\u00e8rmia\n<\/h2><div class=\"bde-text-156-124 bde-text\">\nOferim la instal\u00b7laci\u00f3 d'aerot\u00e8rmia, aprofita l'energia t\u00e8rmica existent en l'aire i la transfereix cap a l'interior de l'habitatge per a proporcionar calefacci\u00f3, refrigeraci\u00f3 i aigua calenta sanit\u00e0ria en funci\u00f3 de quins siguin les necessitats de confort de l'habitatge.\n<\/div>\n<\/div>\n<\/div><\/div><\/div>\n<\/section>","protected":false},"excerpt":{"rendered":"<p>Energ\u00eda renovable Energ\u00eda renovable, transformando el presente para un futuro sostenible.\u00a1Potencia tu vida con una elecci\u00f3n verde! Biomasa Realizamos la instalaci\u00f3n de energ\u00eda de biomasa que es una energ\u00eda obtenida a partir de la combusti\u00f3n de materia org\u00e1nica, originada por los diferentes procesos biol\u00f3gicos que se dan en el d\u00eda a d\u00eda. Fotovoltaica Se obtiene [&hellip;]<\/p>","protected":false},"author":1,"featured_media":0,"parent":0,"menu_order":0,"comment_status":"closed","ping_status":"closed","template":"","meta":{"_acf_changed":false,"_breakdance_hide_in_design_set":false,"_breakdance_tags":"","footnotes":""},"class_list":["post-156","page","type-page","status-publish","hentry"],"acf":[],"_links":{"self":[{"href":"https:\/\/www.ajir.cat\/ca\/wp-json\/wp\/v2\/pages\/156","targetHints":{"allow":["GET"]}}],"collection":[{"href":"https:\/\/www.ajir.cat\/ca\/wp-json\/wp\/v2\/pages"}],"about":[{"href":"https:\/\/www.ajir.cat\/ca\/wp-json\/wp\/v2\/types\/page"}],"author":[{"embeddable":true,"href":"https:\/\/www.ajir.cat\/ca\/wp-json\/wp\/v2\/users\/1"}],"replies":[{"embeddable":true,"href":"https:\/\/www.ajir.cat\/ca\/wp-json\/wp\/v2\/comments?post=156"}],"version-history":[{"count":5,"href":"https:\/\/www.ajir.cat\/ca\/wp-json\/wp\/v2\/pages\/156\/revisions"}],"predecessor-version":[{"id":643,"href":"https:\/\/www.ajir.cat\/ca\/wp-json\/wp\/v2\/pages\/156\/revisions\/643"}],"wp:attachment":[{"href":"https:\/\/www.ajir.cat\/ca\/wp-json\/wp\/v2\/media?parent=156"}],"curies":[{"name":"wp","href":"https:\/\/api.w.org\/{rel}","templated":true}]}}