{"id":164,"date":"2024-01-12T12:47:28","date_gmt":"2024-01-12T11:47:28","guid":{"rendered":"https:\/\/www.ajir.cat\/?page_id=164"},"modified":"2024-05-16T11:20:38","modified_gmt":"2024-05-16T09:20:38","slug":"arquitectura-e-ingenieria","status":"publish","type":"page","link":"https:\/\/www.ajir.cat\/ca\/arquitectura-e-ingenieria\/","title":{"rendered":"Arquitectura i Enginyeria"},"content":{"rendered":"<section class=\"bde-section-164-100 bde-section\">\n  \n\t\n\n\n\n<div class=\"section-container\"><h1 class=\"bde-heading-164-101 bde-heading\">\nArquitectura i Enginyeria\n<\/h1><\/div>\n<\/section><section class=\"bde-section-164-102 bde-section\">\n  \n\t\n\n\n\n<div class=\"section-container\"><div class=\"bde-columns-164-105 bde-columns\"><div class=\"bde-column-164-106 bde-column\">\n  \n\t\n\n\n\n<div class=\"bde-rich-text-164-107 bde-rich-text breakdance-rich-text-styles\">\n<h2>Arquitectura i Enginyeria<\/h2><p>Enginyers, delineants, arquitectes, entre d\u2019altres, treballem conjuntament per a fer realitat els somnis i les necessitats dels nostres clients. Som un equip multidisciplinari, que rebem formaci\u00f3 cont\u00ednua per a adaptar-nos a la normativa i estar sempre al dia de la legislaci\u00f3 vigent.<\/p><p>Cadascun s'encarrega d'una part del projecte a realitzar, des de la Planificaci\u00f3, el disseny d'estructures, funcionalitat espacial i l'est\u00e8tica del treball i tot el que hagi de veure amb el projecte a dur a terme.<\/p>\n<\/div><div class=\"bde-image-164-119 bde-image\">\n  \n\n\n\n\n\n<figure class=\"breakdance-image breakdance-image--167\">\n\t<div class=\"breakdance-image-container\">\n\t\t<div class=\"breakdance-image-clip\">\n\t\t\t\n\t\t\t\t\n\t\t\t\t\t      \n  \n  \n  \n  \n      \n      <img decoding=\"async\"\n      class=\"breakdance-image-object\"\n      src=\"https:\/\/www.ajir.cat\/wp-content\/uploads\/2024\/01\/foto_arq_eng2.jpg.jpg\"\n      width=\"758\"\n      height=\"511\"\n      \n      loading=\"lazy\"\n                                    srcset=\"https:\/\/www.ajir.cat\/wp-content\/uploads\/2024\/01\/foto_arq_eng2.jpg.jpg 758w, https:\/\/www.ajir.cat\/wp-content\/uploads\/2024\/01\/foto_arq_eng2.jpg-300x202.jpg 300w\"\n                                                                      >\n  \n\n\t\t\t\t\t\n\t\t\t\t\t\t<\/div>\n\t<\/div>\n\n\t<\/figure>\n\n<\/div>\n<\/div><div class=\"bde-column-164-113 bde-column\">\n  \n\t\n\n\n\n<div class=\"bde-image-164-114 bde-image\">\n  \n\n\n\n\n\n<figure class=\"breakdance-image breakdance-image--168\">\n\t<div class=\"breakdance-image-container\">\n\t\t<div class=\"breakdance-image-clip\">\n\t\t\t\n\t\t\t\t\n\t\t\t\t\t      \n  \n  \n  \n  \n      \n      <img decoding=\"async\"\n      class=\"breakdance-image-object\"\n      src=\"https:\/\/www.ajir.cat\/wp-content\/uploads\/2024\/01\/foto_arq_eng.jpg.jpg\"\n      width=\"524\"\n      height=\"851\"\n      \n      loading=\"lazy\"\n                                    srcset=\"https:\/\/www.ajir.cat\/wp-content\/uploads\/2024\/01\/foto_arq_eng.jpg.jpg 524w, https:\/\/www.ajir.cat\/wp-content\/uploads\/2024\/01\/foto_arq_eng.jpg-185x300.jpg 185w\"\n                                                                      >\n  \n\n\t\t\t\t\t\n\t\t\t\t\t\t<\/div>\n\t<\/div>\n\n\t<\/figure>\n\n<\/div>\n<\/div><\/div><\/div>\n<\/section>","protected":false},"excerpt":{"rendered":"<p>Arquitectura e Ingenier\u00eda Arquitectura e Ingenier\u00edaIngenieros, delineantes, arquitectos, entre otros, trabajamos conjuntamente para hacer realidad los sue\u00f1os y las necesidades de nuestros clientes. Somos un equipo multidisciplinar, que recibimos formaci\u00f3n continua para adaptarnos a la normativa y estar siempre al d\u00eda de la legislaci\u00f3n vigente.Cada uno se encarga de una parte del proyecto a realizar, [&hellip;]<\/p>","protected":false},"author":1,"featured_media":0,"parent":0,"menu_order":0,"comment_status":"closed","ping_status":"closed","template":"","meta":{"_acf_changed":false,"_breakdance_hide_in_design_set":false,"_breakdance_tags":"","footnotes":""},"class_list":["post-164","page","type-page","status-publish","hentry"],"acf":[],"_links":{"self":[{"href":"https:\/\/www.ajir.cat\/ca\/wp-json\/wp\/v2\/pages\/164","targetHints":{"allow":["GET"]}}],"collection":[{"href":"https:\/\/www.ajir.cat\/ca\/wp-json\/wp\/v2\/pages"}],"about":[{"href":"https:\/\/www.ajir.cat\/ca\/wp-json\/wp\/v2\/types\/page"}],"author":[{"embeddable":true,"href":"https:\/\/www.ajir.cat\/ca\/wp-json\/wp\/v2\/users\/1"}],"replies":[{"embeddable":true,"href":"https:\/\/www.ajir.cat\/ca\/wp-json\/wp\/v2\/comments?post=164"}],"version-history":[{"count":5,"href":"https:\/\/www.ajir.cat\/ca\/wp-json\/wp\/v2\/pages\/164\/revisions"}],"predecessor-version":[{"id":593,"href":"https:\/\/www.ajir.cat\/ca\/wp-json\/wp\/v2\/pages\/164\/revisions\/593"}],"wp:attachment":[{"href":"https:\/\/www.ajir.cat\/ca\/wp-json\/wp\/v2\/media?parent=164"}],"curies":[{"name":"wp","href":"https:\/\/api.w.org\/{rel}","templated":true}]}}