{"id":554,"date":"2024-05-02T10:43:25","date_gmt":"2024-05-02T08:43:25","guid":{"rendered":"https:\/\/www.ajir.cat\/?page_id=554"},"modified":"2024-05-02T11:07:00","modified_gmt":"2024-05-02T09:07:00","slug":"politica-de-cookies","status":"publish","type":"page","link":"https:\/\/www.ajir.cat\/ca\/politica-de-cookies\/","title":{"rendered":"Pol\u00edtica de Cookies"},"content":{"rendered":"<section class=\"bde-section-554-100 bde-section\">\n  \n\t\n\n\n\n<div class=\"section-container\"><h1 class=\"bde-heading-554-101 bde-heading\">\nPol\u00edtica de Cookies\n<\/h1><\/div>\n<\/section><section class=\"bde-section-554-102 bde-section\">\n  \n\t\n\n\n\n<div class=\"section-container\"><div class=\"bde-rich-text-554-103 bde-rich-text breakdance-rich-text-styles\">\n<p>En cumplimiento con el deber de informaci\u00f3n recogido en el apartado 2\u00ba del art\u00edculo 22 de la Ley 34\/2002, de 11 de Julio, de Servicios de la Sociedad de la Informaci\u00f3n y del Comercio Electr\u00f3nico, la presente pol\u00edtica de cookies tiene por finalidad informarle de manera clara y precisa sobre las cookies que se utilizan en la p\u00e1gina web de AJIR INSTAL\u00b7LACIONS S.L..<\/p><h3>\u00bfQu\u00e9 son las cookies?<\/h3><p>Una cookie es un archivo de peque\u00f1o tama\u00f1o que los sitios web env\u00edan al navegador y se descargan en su ordenador. Las cookies permiten que la p\u00e1gina web almacene y recupere informaci\u00f3n sobre su visita, como su idioma preferido y otras opciones, con la finalidad de mejorar los servicios que se ofrecen y contribuir a tener una mejor experiencia de navegaci\u00f3n para el usuario.<\/p><h3>Tipos de cookies<\/h3><p>En funci\u00f3n de qui\u00e9n gestione el dominio desde donde se env\u00edan las cookies y se tratan los datos, se distinguir\u00e1 entre cookies propias y cookies de terceros.<\/p><p>Las cookies tambi\u00e9n pueden clasificarse seg\u00fan el plazo de tiempo que permanezcan almacenadas en el navegador del usuario, distingui\u00e9ndose entre cookies de sesi\u00f3n o cookies persistentes.<\/p><p>Finalmente, en funci\u00f3n de la finalidad para la que se trate la informaci\u00f3n recopilada, las cookies se pueden clasificar en las siguientes categor\u00edas:<\/p><ul><li><strong>Cookies t\u00e9cnicas:<\/strong> permiten al usuario navegar por un sitio web y utilizar algunos de los servicios ofrecidos por el mismo (como por ejemplo, las que sirven para recordar los elementos integrantes de un carrito de compra).<\/li><li><strong>Cookies de personalizaci\u00f3n:<\/strong> permiten que el usuario acceda al sitio web con unas caracter\u00edsticas determinadas, como puede ser el idioma.<\/li><li><strong>Cookies de seguridad:<\/strong> sirven para impedir o dificultar los ataques contra el sitio web.<\/li><li><strong>Cookies de complemento para intercambiar contenidos sociales:<\/strong> los llamados plug-in, que permiten compartir contenidos en redes sociales.<\/li><li><strong>Cookies de an\u00e1lisis:<\/strong> permiten al responsable el seguimiento del comportamiento del usuario.<\/li><li><strong>Cookies publicitarias:<\/strong> permiten gestionar los espacios de publicidad del sitio web.<\/li><li><strong>Cookies de publicidad comportamental:<\/strong> como las anteriores, sirven para gestionar los espacios de publicidad del sitio web en funci\u00f3n de la informaci\u00f3n recogida sobre el comportamiento del usuario y sus h\u00e1bitos, adaptando la publicidad al perfil del usuario.<\/li><li><strong>Cookies de geolocalizaci\u00f3n:<\/strong> utilizadas para averiguar el pa\u00eds donde se encuentra el usuario.<\/li><\/ul><h3>Autorizaci\u00f3n para el uso de cookies<\/h3><p>De conformidad con el aviso de cookies que aparece en el sitio web, el usuario puede consentir expresamente el uso de cookies que requieran consentimiento; no obstante, el uso de cookies t\u00e9cnicas o necesarias no requiere de consentimiento. Sin perjuicio de todo ello, el usuario puede modificar la configuraci\u00f3n de su navegador para rechazar el uso de las cookies.<\/p><h3>C\u00f3mo modificar la configuraci\u00f3n de las cookies<\/h3><p>Usted puede restringir, bloquear o borrar las cookies de AJIR INSTAL\u00b7LACIONS S.L. o cualquier otra p\u00e1gina web utilizando su navegador. En cada navegador la operativa es diferente, puede encontrar c\u00f3mo hacerlo en el men\u00fa de ayuda de su navegador donde se establece el procedimiento para su eliminaci\u00f3n. Para m\u00e1s informaci\u00f3n:<\/p><ul><li><strong>Google Chrome:<\/strong> <a href=\"https:\/\/support.google.com\/chrome\/answer\/95647?co=GENIE.Platform%3DDesktopl=es\" target=\"_blank\" rel=\"noopener\">https:\/\/support.google.com\/chrome\/answer\/95647?co=GENIE.Platform%3DDesktopl=es<\/a><\/li><li><strong>Mozilla Firefox: <\/strong><a href=\"https:\/\/support.mozilla.org\/es\/kb\/habilitar-y-deshabilitar-cookies-sitios-web-rastrear-preferencias\" target=\"_blank\" rel=\"noopener\">https:\/\/support.mozilla.org\/es\/kb\/habilitar-y-deshabilitar-cookies-sitios-web-rastrear-preferencias<\/a><\/li><li><strong>Safari: <\/strong><a href=\"https:\/\/support.apple.com\/guide\/safari\/sfri11471\/mac\" target=\"_blank\" rel=\"noopener\">https:\/\/support.apple.com\/guide\/safari\/sfri11471\/mac<\/a><\/li><li><strong>Internet Explorer: <\/strong><a href=\"https:\/\/support.microsoft.com\/help\/278835\/how-to-delete-cookie-files-in-internet-explorer\" target=\"_blank\" rel=\"noopener\">https:\/\/support.microsoft.com\/help\/278835\/how-to-delete-cookie-files-in-internet-explorer<\/a><\/li><\/ul><p>Es posible que al desactivar las cookies la p\u00e1gina web no funcione correctamente o no pueda acceder a determinadas funciones de esta.<\/p><h3>Cookies utilizadas en la web<\/h3><p>En el portal web se utilizan diferentes tipos de cookies con diferentes finalidades, a continuaci\u00f3n se enumeran las cookies empleadas:<\/p><h3>Modificaci\u00f3n de las condiciones<\/h3><p>AJIR INSTAL\u00b7LACIONS S.L. se reserva expresamente el derecho a modificar unilateralmente, total o parcialmente, sin necesidad de previo aviso, la presente Pol\u00edtica de Cookies. El usuario reconoce y acepta que es su responsabilidad revisar la presente Pol\u00edtica de Cookies.<\/p>\n<\/div><\/div>\n<\/section>","protected":false},"excerpt":{"rendered":"<p>Pol\u00edtica de Cookies En cumplimiento con el deber de informaci\u00f3n recogido en el apartado 2\u00ba del art\u00edculo 22 de la Ley 34\/2002, de 11 de Julio, de Servicios de la Sociedad de la Informaci\u00f3n y del Comercio Electr\u00f3nico, la presente pol\u00edtica de cookies tiene por finalidad informarle de manera clara y precisa sobre las cookies [&hellip;]<\/p>","protected":false},"author":1,"featured_media":0,"parent":0,"menu_order":0,"comment_status":"closed","ping_status":"closed","template":"","meta":{"_acf_changed":false,"_breakdance_hide_in_design_set":false,"_breakdance_tags":"","footnotes":""},"class_list":["post-554","page","type-page","status-publish","hentry"],"acf":[],"_links":{"self":[{"href":"https:\/\/www.ajir.cat\/ca\/wp-json\/wp\/v2\/pages\/554","targetHints":{"allow":["GET"]}}],"collection":[{"href":"https:\/\/www.ajir.cat\/ca\/wp-json\/wp\/v2\/pages"}],"about":[{"href":"https:\/\/www.ajir.cat\/ca\/wp-json\/wp\/v2\/types\/page"}],"author":[{"embeddable":true,"href":"https:\/\/www.ajir.cat\/ca\/wp-json\/wp\/v2\/users\/1"}],"replies":[{"embeddable":true,"href":"https:\/\/www.ajir.cat\/ca\/wp-json\/wp\/v2\/comments?post=554"}],"version-history":[{"count":2,"href":"https:\/\/www.ajir.cat\/ca\/wp-json\/wp\/v2\/pages\/554\/revisions"}],"predecessor-version":[{"id":556,"href":"https:\/\/www.ajir.cat\/ca\/wp-json\/wp\/v2\/pages\/554\/revisions\/556"}],"wp:attachment":[{"href":"https:\/\/www.ajir.cat\/ca\/wp-json\/wp\/v2\/media?parent=554"}],"curies":[{"name":"wp","href":"https:\/\/api.w.org\/{rel}","templated":true}]}}