{"id":557,"date":"2024-05-02T11:08:42","date_gmt":"2024-05-02T09:08:42","guid":{"rendered":"https:\/\/www.ajir.cat\/?page_id=557"},"modified":"2024-05-02T11:27:52","modified_gmt":"2024-05-02T09:27:52","slug":"politica-de-privacidad","status":"publish","type":"page","link":"https:\/\/www.ajir.cat\/ca\/politica-de-privacidad\/","title":{"rendered":"Pol\u00edtica de privadesa"},"content":{"rendered":"<section class=\"bde-section-557-100 bde-section\">\n  \n\t\n\n\n\n<div class=\"section-container\"><h1 class=\"bde-heading-557-101 bde-heading\">\nPol\u00edtica de Privacidad\n<\/h1><\/div>\n<\/section><section class=\"bde-section-557-102 bde-section\">\n  \n\t\n\n\n\n<div class=\"section-container\"><div class=\"bde-rich-text-557-103 bde-rich-text breakdance-rich-text-styles\">\n<h3>Informaci\u00f3n b\u00e1sica sobre Protecci\u00f3n de Datos<\/h3><p><strong>Responsable:<\/strong> AJIR INSTAL\u00b7LACIONS S.L.<\/p><p><strong>Finalidad: <\/strong><\/p><ul><li>Prestaci\u00f3n de servicios online<\/li><li>Gesti\u00f3n de usuarios web<\/li><li>Comunicaciones comerciales relacionadas con nuestros servicios<\/li><\/ul><p><strong>Legitimaci\u00f3n: <\/strong>Consentimiento expreso e inter\u00e9s leg\u00edtimo<\/p><p><strong>Destinatario: <\/strong>No se ceden datos a terceros, excepto obligaci\u00f3n legal<\/p><p><strong>Derechos: <\/strong>Acceder, rectificar y suprimir los datos, as\u00ed como otros derechos, como se explica en la informaci\u00f3n adicional<\/p><p><strong>Informaci\u00f3n adicional: <\/strong>Puede consultar la informaci\u00f3n adicional y detallada sobre Protecci\u00f3n de Datos en las cl\u00e1usulas anexas que se encuentran en www.ajir.cat\/politica-de-privacidad<\/p><p>En AJIR INSTAL\u00b7LACIONS S.L. trabajamos para ofrecerte a trav\u00e9s de nuestros productos y servicios la mejor experiencia posible. En algunos casos, es necesario recabar informaci\u00f3n para lograrlo. Nos importa tu privacidad y creemos que debemos ser transparentes al respecto.<\/p><p>Por ello, y a efectos de lo previsto en el REGLAMENTO (UE) 2016\/679 DEL PARLAMENTO EUROPEO Y DEL CONSEJO de 27 de abril de 2016 (en adelante, \"RGPD\") relativo a la protecci\u00f3n de las personas f\u00edsicas en lo que respecta al tratamiento de datos personales y a la libre circulaci\u00f3n de estos datos, y la LEY 34\/2002, de 11 de julio, de Servicios de la Sociedad de la Informaci\u00f3n y de Comercio Electr\u00f3nico (en adelante, \"LSSI\"), AJIR INSTAL\u00b7LACIONS S.L. informa al usuario que, como responsable del tratamiento, incorporar\u00e1 los datos de car\u00e1cter personal facilitados por los usuarios en un fichero automatizado.<\/p><p>Nuestro compromiso comienza por explicarte lo siguiente:<\/p><ul><li>Se recogen tus datos para mejorar la experiencia de usuario, atendiendo a tus intereses y necesidades.<\/li><li>Somos transparentes con relaci\u00f3n a los datos que obtenemos sobre ti y la raz\u00f3n por la que lo hacemos.<\/li><li>Nuestra intenci\u00f3n es ofrecerte la mejor experiencia posible. Por ello, cuando utilicemos tu informaci\u00f3n personal lo haremos siempre cumpliendo la normativa, y cuando sea necesario, solicitaremos tu consentimiento.<\/li><li>Entendemos que tus datos te pertenecen. Por tanto, si decides no autorizarnos a procesarlos, puedes solicitar que dejemos de tratarlos.<\/li><li>Nuestra prioridad consiste en garantizar tu seguridad y tratar tus datos de acuerdo con la normativa europea.<\/li><\/ul><p>Si deseas obtener m\u00e1s informaci\u00f3n sobre el tratamiento de tus datos, consulta los diferentes apartados de la pol\u00edtica de privacidad que se encuentran a continuaci\u00f3n:<\/p><h3>\u00bfQui\u00e9n es el responsable del tratamiento de tus datos personales?<\/h3><p><strong>Identidad:<\/strong> AJIR INSTAL\u00b7LACIONS S.L.<\/p><p><strong>Domicilio social:<\/strong> C\/LLOBREGOS 172 LOCAL 2<\/p><p><strong>C.I.F. n\u00ba:<\/strong> B67162172<\/p><p><strong>Email:<\/strong> <a href=\"mailto:admin@ajir.cat\">admin@ajir.cat<\/a><\/p><p>AJIR INSTAL\u00b7LACIONS S.L. ha designado un Delegado de Protecci\u00f3n de Datos o una persona de contacto interna dentro de su organizaci\u00f3n. Si deseas hacer una consulta relacionada con el tratamiento de tus datos personales, puedes ponerte en contacto con \u00e9l mediante el correo admin@ajir.cat.<\/p><h3>\u00bfQu\u00e9 datos personales recopilamos?<\/h3><p>Los datos personales que el usuario puede proporcionar:<\/p><ul><li>Nombre, direcci\u00f3n y fecha de nacimiento.<\/li><li>N\u00famero de tel\u00e9fono y direcci\u00f3n de correo electr\u00f3nico.<\/li><li>Ubicaci\u00f3n.<\/li><li>Informaci\u00f3n relativa a pagos y devoluciones.<\/li><li>Direcci\u00f3n IP, fecha y hora en la que has accedido a nuestros servicios, navegador de internet que utilices y datos sobre el sistema operativo del dispositivo.<\/li><li>Cualquier otra informaci\u00f3n o datos que decidas compartir con nosotros.<\/li><\/ul><p>En algunos casos, es obligatoria la complementaci\u00f3n del formulario de registro para acceder y disfrutar de determinados servicios ofrecidos en la web; asimismo, no facilitar los datos personales solicitados o no aceptar la presente pol\u00edtica de protecci\u00f3n de datos supone la imposibilidad de suscribirse, registrarse o participar en cualquier de las promociones en las que se soliciten datos de car\u00e1cter personal.<\/p><h3>\u00bfPor qu\u00e9 y para qu\u00e9 tratamos tus datos?<\/h3><p>En AJIR INSTAL\u00b7LACIONS S.L. tratamos la informaci\u00f3n que nos facilitan las personas interesadas con las siguientes finalidades:<\/p><ul><li>Gestionar pedidos o contratar alguno de nuestros servicios, ya sea online o en las tiendas f\u00edsicas.<\/li><li>Gestionar el env\u00edo de la informaci\u00f3n que nos soliciten.<\/li><li>Desarrollar acciones comerciales y realizar el mantenimiento y gesti\u00f3n de la relaci\u00f3n con el usuario, as\u00ed como la gesti\u00f3n de los servicios ofrecidos a trav\u00e9s del sitio web y las tareas de informaci\u00f3n, pudiendo realizar valoraciones autom\u00e1ticas, obtenci\u00f3n de perfiles y tareas de segmentaci\u00f3n de los clientes con el objeto de personalizar el tratamiento conforme a sus caracter\u00edsticas y necesidades y mejorar la experiencia en l\u00ednea del cliente.<\/li><li>Desarrollar y gestionar los concursos, sorteos u otras actividades promocionales que se puedan organizar.<\/li><li>En algunos casos ser\u00e1 necesario facilitar informaci\u00f3n a las Autoridades o terceras empresas por motivos de auditor\u00eda, as\u00ed como manejar datos personales de facturas, contratos y documentos para responder a reclamaciones de clientes o de las Administraciones P\u00fablicas.<\/li><\/ul><p>Informamos que los datos personales que se obtengan como consecuencia de tu registro como usuario formar\u00e1n parte del Registro de Actividades y operaciones de Tratamiento (RAT), que se actualizar\u00e1 peri\u00f3dicamente de acuerdo con lo establecido en el RGPD.<\/p><h3>\u00bfCu\u00e1l es la legitimaci\u00f3n para el tratamiento de tus datos?<\/h3><p>El tratamiento de tus datos puede fundamentarse en las siguientes bases legales:<\/p><ul><li>Consentimiento del interesado para la contrataci\u00f3n de servicios y productos, por los formularios de contacto, las solicitudes de informaci\u00f3n o alta en e-newsletters.<\/li><li>Inter\u00e9s leg\u00edtimo por el tratamiento de datos de nuestros clientes en acciones de marketing directo y consentimiento expreso del interesado por todo lo relativo a las valoraciones autom\u00e1ticas y elaboraci\u00f3n de perfiles.<\/li><li>Cumplimiento de obligaciones legales por prevenci\u00f3n del fraude, comunicaci\u00f3n con autoridades p\u00fablicas y reclamaciones de terceros.<\/li><\/ul><h3>\u00bfCu\u00e1nto tiempo conservamos tus datos?<\/h3><p>El tratamiento de los datos con las finalidades descritas se mantendr\u00e1 durante el tiempo necesario para cumplir con la finalidad de su recogida (por ejemplo, mientras dure la relaci\u00f3n comercial), as\u00ed como por el cumplimiento de las obligaciones legales que se deriven del tratamiento de las datos.<\/p><h3>\u00bfA qu\u00e9 destinatarios se comunican tus datos?<\/h3><p>En algunos casos, s\u00f3lo cuando sea necesario, AJIR INSTAL\u00b7LACIONS S.L. proporcionar\u00e1 datos de los usuarios a terceros. Sin embargo, nunca se vender\u00e1n los datos a terceros. Los proveedores de servicios externos (por ejemplo, proveedores de pago o empresas de reparto con los que AJIR INSTAL\u00b7LACIONS S.L. trabaje pueden utilizar los datos para proporcionar los servicios correspondientes, sin perjuicio de ello, no utilizar\u00e1n la informaci\u00f3n para fines propios o por cesi\u00f3n a terceros.<\/p><p>AJIR INSTAL\u00b7LACIONS S.L. procura garantizar la seguridad de los datos personales cuando se env\u00edan fuera de la empresa y se asegura que los terceros proveedores del servicio respeten la confidencialidad y cuenten con las medidas adecuadas para proteger sus datos personales. Estos terceros tienen la obligaci\u00f3n de garantizar que la informaci\u00f3n se trata conforme a la normativa de privacidad de datos.<\/p><p>En algunos casos, la ley puede exigir que se revelen datos personales a organismos p\u00fablicos u otras partes, s\u00f3lo se revelar\u00e1 lo estrictamente necesario para el cumplimiento de estas obligaciones legales.<\/p><p>Los datos personales obtenidos tambi\u00e9n podr\u00e1n ser compartidos con otras empresas del grupo.<\/p><h3>\u00bfD\u00f3nde se almacenan tus datos?<\/h3><p>Con car\u00e1cter general, los datos se almacenan en la UE. Los datos que se env\u00edan a terceros que no pertenecen a la UE, nos aseguraremos de que ofrezcan un nivel de protecci\u00f3n suficiente, ya sea porque cuentan con Normas Corporativas Vinculantes (BCR) o porque se hayan adherido al Privacy Shield.<\/p><h3>\u00bfQu\u00e9 derechos te asisten y c\u00f3mo puedes ejercerlos?<\/h3><p>Puedes dirigir tus comunicaciones y ejercitar tus derechos mediante una petici\u00f3n en el siguiente correo electr\u00f3nico: admin@ajir.cat.<\/p><p>En virtud de lo que establece el RGPD puedes solicitar:<\/p><ul><li><strong>Derecho de acceso:<\/strong> puedes pedir informaci\u00f3n de esos datos personales que disponemos sobre ti.<\/li><li><strong>Derecho de rectificaci\u00f3n:<\/strong> puedes comunicar cualquier cambio en sus datos personales.Derecho de supresi\u00f3n y al olvido: puedes solicitar la eliminaci\u00f3n previo bloqueo de datos personales.<\/li><li><strong>Derecho de limitaci\u00f3n al tratamiento:<\/strong> supone la restricci\u00f3n del tratamiento de datos personales.<\/li><li><strong>Derecho de oposici\u00f3n:<\/strong> puedes retirar el consentimiento del tratamiento de los datos, oponi\u00e9ndote a que se sigan tratando.<\/li><li><strong>Derecho a la portabilidad:<\/strong> en algunos casos, puedes solicitar una copia de los datos personales en un formato estructurado, de uso com\u00fan y lectura mec\u00e1nica por su transmisi\u00f3n a otro responsable.<\/li><li><strong>Derecho a no ser objeto de decisiones individualizadas:<\/strong> puedes solicitar que no se tomen decisiones que se basen \u00fanicamente en el tratamiento automatizante, incluyendo la elaboraci\u00f3n de perfiles, que produzca efectos jur\u00eddicos o afecte significativamente al interesado.<\/li><\/ul><p>En algunos casos, se podr\u00e1 rechazar la solicitud si solicitas que se eliminen datos necesarios para el cumplimiento de obligaciones legales.<\/p><p>Asimismo, si tienes alguna queja sobre el tratamiento de los datos, puedes presentar una reclamaci\u00f3n de la autoridad de protecci\u00f3n de datos.<\/p><h3>\u00bfQui\u00e9n es el responsable de la exactitud y veracidad de los datos facilitados?<\/h3><p>El usuario es el \u00fanico responsable de la veracidad y correcci\u00f3n de los datos incluidos, exonerando a AJIR INSTAL\u00b7LACIONS S.L. de cualquier responsabilidad al respecto. Los usuarios garantizan y responden, en cualquier caso, de la exactitud, vigencia y autenticidad de los datos personales facilitados, comprometi\u00e9ndose a mantenerlos debidamente actualizados. El usuario acepta proporcionar informaci\u00f3n completa y correcta en el formulario de registro o suscripci\u00f3n. AJIR INSTAL\u00b7LACIONS S.L. se reserva el derecho de finalizar los servicios contratados que se hubieran celebrado con los usuarios, en caso de que los datos que haya facilitado sean falsos, incompletos inexactos o no est\u00e9n actualizados.<\/p><p>AJIR INSTAL\u00b7LACIONS S.L. no responde de la veracidad de las informaciones que no sean de elaboraci\u00f3n propia y de las que se indique otra fuente, por lo que tampoco asume ninguna responsabilidad en cuanto a hipot\u00e9ticos perjuicios que pudieran originarse por el uso de esta informaci\u00f3n.<\/p><p>AJIR INSTAL\u00b7LACIONS S.L. se reserva el derecho a actualizar, modificar o eliminar la informaci\u00f3n contenida en sus p\u00e1ginas web pudiendo incluso limitar o no permitir el acceso a esa informaci\u00f3n. Se exonera a AJIR INSTAL\u00b7LACIONS S.L. de responsabilidad frente a cualquier da\u00f1o o perjuicio que pudiera sufrir el usuario como consecuencia de errores, defectos u omisiones, en la informaci\u00f3n facilitada por AJIR INSTAL\u00b7LACIONS S.L. siempre que proceda de fuentes ajenas a la misma.<\/p><p>Asimismo, el usuario certifica que es mayor de 14 a\u00f1os y posee la capacidad legal necesaria para la prestaci\u00f3n del consentimiento respecto al tratamiento de sus datos de car\u00e1cter personal.<\/p><h3>\u00bfC\u00f3mo tratamos los datos personales de los menores de edad?<\/h3><p>En principio, nuestros servicios no van dirigidos espec\u00edficamente a menores de edad. No obstante, en caso de que alguno de ellos se dirija a menores de catorce a\u00f1os, de conformidad con el art\u00edculo 8 del RGPD y el art\u00edculo 7 de la LO 3\/2018, de 5 de diciembre (LOPDGDD), AJIR INSTAL\u00b7LACIONS S.L. exigir\u00e1 el consentimiento v\u00e1lido, libre, inequ\u00edvoco, espec\u00edfico e informado de los tutores legales para tratar los datos personales de los menores. En tal caso, se exigir\u00e1 el DNI u otra forma de identificaci\u00f3n de quien preste el consentimiento.<\/p><p>En el caso de mayores de catorce a\u00f1os podr\u00e1 procederse al tratamiento de los datos con el consentimiento del usuario, exceptuando aquellos casos en los que la Ley exija la asistencia de los titulares de la patria potestad o tutela.<\/p><h3>\u00bfQu\u00e9 medidas de seguridad aplicamos para proteger tus datos personales?<\/h3><p>AJIR INSTAL\u00b7LACIONS S.L. ha adoptado los niveles de seguridad de protecci\u00f3n de los datos personales legalmente requeridos, y procura instalar aquellos otros medios y medidas t\u00e9cnicas adicionales a su alcance para evitar la p\u00e9rdida, mal uso, alteraci\u00f3n, acceso no autorizado y robo de los datos personales facilitados a AJIR INSTAL\u00b7LACIONS S.L..<\/p><p>AJIR INSTAL\u00b7LACIONS S.L. no es responsable de hipot\u00e9ticos da\u00f1os o perjuicios que pudieran derivarse de interferencias, omisiones, interrupciones, virus inform\u00e1ticos, aver\u00edas telef\u00f3nicas o desconexiones en el funcionamiento operativo de este sistema electr\u00f3nico, motivadas por causas ajenas a AJIR INSTAL\u00b7LACIONS S.L.; de retrasos o bloqueos en el uso del presente sistema electr\u00f3nico causados por deficiencias o sobrecargas de l\u00edneas telef\u00f3nicas o sobrecargas en el Centro de Procesos de Datos, en el sistema de Internet o en otros sistemas electr\u00f3nicos, as\u00ed como de da\u00f1os que pudieran ser causados por terceras personas mediante intromisiones ileg\u00edtimas fuera del control de AJIR INSTAL\u00b7LACIONS S.L.. No obstante, el usuario debe ser consciente de que las medidas de seguridad en Internet no son inexpugnables.<\/p><h3>Enlaces a otros sitios web<\/h3><p>En el sitio web www.ajir.cat puede haber enlaces a otras p\u00e1ginas web. Al clicar en uno de estos enlaces y acceder a un sitio web externo, la visita estar\u00e1 sujeta a la pol\u00edtica de privacidad de ese sitio web, quedando AYER INSTALACIONES S.L. desvinculada de cualquier clase de responsabilidad sobre su pol\u00edtica de privacidad.<\/p><h3>\u00bfC\u00f3mo utilizamos las cookies?<\/h3><p>El sitio web de AJIR INSTAL\u00b7LACIONS S.L. utiliza cookies, a efectos de optimizar y personalizar su navegaci\u00f3n por el mismo. Las cookies son archivos f\u00edsicos de informaci\u00f3n que se alojan en el terminal del usuario, la informaci\u00f3n recogida mediante las cookies sirve para facilitar la navegaci\u00f3n del usuario por el portal y optimizar la experiencia de navegaci\u00f3n. Los datos recopilados mediante las cookies pueden ser compartidos con los creadores de \u00e9stas, pero en ning\u00fan caso la informaci\u00f3n obtenida por las mismas ser\u00e1 asociada a datos personales ni a datos que puedan identificar al usuario.<\/p><p>Sin embargo, si el usuario no desea que se instalen cookies en su disco duro, tiene la posibilidad de configurar el navegador de tal forma que impida la instalaci\u00f3n de estos archivos. Para obtener m\u00e1s informaci\u00f3n consulte nuestra Pol\u00edtica de Cookies www.ajir.cat\/politica-de-cookies.<\/p><h3>\u00bfPuede modificarse la pol\u00edtica de privacidad?<\/h3><p>Esta pol\u00edtica de privacidad puede modificarse. Te recomendamos que revises la pol\u00edtica de privacidad con cierta periodicidad.<\/p>\n<\/div><\/div>\n<\/section>","protected":false},"excerpt":{"rendered":"<p>Pol\u00edtica de Privacidad Informaci\u00f3n b\u00e1sica sobre Protecci\u00f3n de DatosResponsable: AJIR INSTAL\u00b7LACIONS S.L.Finalidad: Prestaci\u00f3n de servicios onlineGesti\u00f3n de usuarios webComunicaciones comerciales relacionadas con nuestros serviciosLegitimaci\u00f3n: Consentimiento expreso e inter\u00e9s leg\u00edtimoDestinatario: No se ceden datos a terceros, excepto obligaci\u00f3n legalDerechos: Acceder, rectificar y suprimir los datos, as\u00ed como otros derechos, como se explica en la informaci\u00f3n adicionalInformaci\u00f3n [&hellip;]<\/p>","protected":false},"author":1,"featured_media":0,"parent":0,"menu_order":0,"comment_status":"closed","ping_status":"closed","template":"","meta":{"_acf_changed":false,"_breakdance_hide_in_design_set":false,"_breakdance_tags":"","footnotes":""},"class_list":["post-557","page","type-page","status-publish","hentry"],"acf":[],"_links":{"self":[{"href":"https:\/\/www.ajir.cat\/ca\/wp-json\/wp\/v2\/pages\/557","targetHints":{"allow":["GET"]}}],"collection":[{"href":"https:\/\/www.ajir.cat\/ca\/wp-json\/wp\/v2\/pages"}],"about":[{"href":"https:\/\/www.ajir.cat\/ca\/wp-json\/wp\/v2\/types\/page"}],"author":[{"embeddable":true,"href":"https:\/\/www.ajir.cat\/ca\/wp-json\/wp\/v2\/users\/1"}],"replies":[{"embeddable":true,"href":"https:\/\/www.ajir.cat\/ca\/wp-json\/wp\/v2\/comments?post=557"}],"version-history":[{"count":2,"href":"https:\/\/www.ajir.cat\/ca\/wp-json\/wp\/v2\/pages\/557\/revisions"}],"predecessor-version":[{"id":559,"href":"https:\/\/www.ajir.cat\/ca\/wp-json\/wp\/v2\/pages\/557\/revisions\/559"}],"wp:attachment":[{"href":"https:\/\/www.ajir.cat\/ca\/wp-json\/wp\/v2\/media?parent=557"}],"curies":[{"name":"wp","href":"https:\/\/api.w.org\/{rel}","templated":true}]}}